{"id":32,"date":"2020-12-04T14:54:27","date_gmt":"2020-12-04T14:54:27","guid":{"rendered":"https:\/\/www.sniezynka.pl\/wordpress\/?page_id=32"},"modified":"2025-01-30T11:30:40","modified_gmt":"2025-01-30T11:30:40","slug":"strona-glowna","status":"publish","type":"page","link":"https:\/\/sniezynka.pl\/","title":{"rendered":"\u015anie\u017cynka"},"content":{"rendered":"\n<p>Po\u015br\u00f3d zieleni i g\u00f3rskiego potoku nasi Go\u015bcie maja mo\u017cliwo\u015b\u0107 nieskrepowanego relaksu , idealn\u0105 baz\u0119 wypadow\u0105 dla pieszych wycieczek g\u00f3rskich do schroniska na&nbsp; Wysoki&nbsp; Kamie\u0144, Wodospad Kamie\u0144czyka, Zakr\u0119t \u015amierci, zwiedzania regionu kolej\u0105 Izersk\u0105 ( Polana Jakuszyce, Czeski Harrachov) liczne trasy rowerowe i Singel Tracki przypadn\u0105 do gustu pasjonatom wycieczek rowerowych. Zim\u0105 okoliczne biegowe trasy narciarskie ka\u017cdemu przynios\u0105 du\u017c\u0105 frajd\u0119, dla maluch\u00f3w obok g\u00f3rka do jazdy na sankach. <\/p>\n\n\n\n<p>Pobyt w naszym domu gwarantuje wypoczynek w cichym, spokojnym i pi\u0119knym miejscu. Oferujemy wypoczynek przez ca\u0142y rok w apartamentach i pokojach 2, 3 osobowych z \u0142azienkami i aneksami kuchennymi. Internet i parking gratis. &nbsp; <\/p>\n\n\n\n<p>Zapraszamy tel. 501 272 700&nbsp;&nbsp;&nbsp;&nbsp;&nbsp;&nbsp;&nbsp;&nbsp;&nbsp;&nbsp;&nbsp;&nbsp;&nbsp;<\/p>\n\n\n\n<figure class=\"wp-block-image size-full\"><img loading=\"lazy\" decoding=\"async\" width=\"1080\" height=\"355\" src=\"https:\/\/sniezynka.pl\/wp-content\/uploads\/2025\/01\/booking2025.jpg\" alt=\"\" class=\"wp-image-193\" srcset=\"https:\/\/sniezynka.pl\/wp-content\/uploads\/2025\/01\/booking2025.jpg 1080w, https:\/\/sniezynka.pl\/wp-content\/uploads\/2025\/01\/booking2025-300x99.jpg 300w, https:\/\/sniezynka.pl\/wp-content\/uploads\/2025\/01\/booking2025-1024x337.jpg 1024w, https:\/\/sniezynka.pl\/wp-content\/uploads\/2025\/01\/booking2025-768x252.jpg 768w\" sizes=\"auto, (max-width: 767px) 89vw, (max-width: 1000px) 54vw, (max-width: 1071px) 543px, 580px\" \/><\/figure>\n","protected":false},"excerpt":{"rendered":"<p>Po\u015br\u00f3d zieleni i g\u00f3rskiego potoku nasi Go\u015bcie maja mo\u017cliwo\u015b\u0107 nieskrepowanego relaksu , idealn\u0105 baz\u0119 wypadow\u0105 dla pieszych wycieczek g\u00f3rskich do schroniska na&nbsp; Wysoki&nbsp; Kamie\u0144, Wodospad Kamie\u0144czyka, Zakr\u0119t \u015amierci, zwiedzania regionu kolej\u0105 Izersk\u0105 ( Polana Jakuszyce, Czeski Harrachov) liczne trasy rowerowe i Singel Tracki przypadn\u0105 do gustu pasjonatom wycieczek rowerowych. Zim\u0105 okoliczne biegowe trasy narciarskie ka\u017cdemu &hellip; <\/p>\n<p class=\"link-more\"><a href=\"https:\/\/sniezynka.pl\/\" class=\"more-link\">Czytaj dalej<span class=\"screen-reader-text\"> \u201e\u015anie\u017cynka\u201d<\/span><\/a><\/p>\n","protected":false},"author":1,"featured_media":92,"parent":0,"menu_order":0,"comment_status":"closed","ping_status":"closed","template":"","meta":{"footnotes":""},"class_list":["post-32","page","type-page","status-publish","has-post-thumbnail","hentry"],"_links":{"self":[{"href":"https:\/\/sniezynka.pl\/index.php\/wp-json\/wp\/v2\/pages\/32","targetHints":{"allow":["GET"]}}],"collection":[{"href":"https:\/\/sniezynka.pl\/index.php\/wp-json\/wp\/v2\/pages"}],"about":[{"href":"https:\/\/sniezynka.pl\/index.php\/wp-json\/wp\/v2\/types\/page"}],"author":[{"embeddable":true,"href":"https:\/\/sniezynka.pl\/index.php\/wp-json\/wp\/v2\/users\/1"}],"replies":[{"embeddable":true,"href":"https:\/\/sniezynka.pl\/index.php\/wp-json\/wp\/v2\/comments?post=32"}],"version-history":[{"count":10,"href":"https:\/\/sniezynka.pl\/index.php\/wp-json\/wp\/v2\/pages\/32\/revisions"}],"predecessor-version":[{"id":194,"href":"https:\/\/sniezynka.pl\/index.php\/wp-json\/wp\/v2\/pages\/32\/revisions\/194"}],"wp:featuredmedia":[{"embeddable":true,"href":"https:\/\/sniezynka.pl\/index.php\/wp-json\/wp\/v2\/media\/92"}],"wp:attachment":[{"href":"https:\/\/sniezynka.pl\/index.php\/wp-json\/wp\/v2\/media?parent=32"}],"curies":[{"name":"wp","href":"https:\/\/api.w.org\/{rel}","templated":true}]}}