{"id":33,"date":"2020-12-04T14:54:27","date_gmt":"2020-12-04T14:54:27","guid":{"rendered":"https:\/\/www.sniezynka.pl\/wordpress\/?page_id=33"},"modified":"2024-11-11T21:02:11","modified_gmt":"2024-11-11T21:02:11","slug":"o-nas","status":"publish","type":"page","link":"https:\/\/sniezynka.pl\/index.php\/o-nas\/","title":{"rendered":"O nas"},"content":{"rendered":"\n<p>Od gospodarza \u2026<\/p>\n\n\n\n<p>Ponad stuletni dom w kt\u00f3rym do 1958 roku mieszka\u0142 z rodzin\u0105 g\u0142\u00f3wny technolog huty szk\u0142a &#8222;J\u00f3zefina&#8221; w Szklarskiej Por\u0119bie. By\u0142 niemieckim specjalist\u0105 od barwienia masy szklanej i wykszta\u0142ci\u0142 w tym zawodzie grup\u0119 polskich specjalist\u00f3w kt\u00f3rzy produkowali s\u0142awne kryszta\u0142y z huty &#8222;Julia&#8221; W pobli\u017cu znajduje si\u0119 najwy\u017cej po\u0142o\u017cona w europie kopalnia kwarcu z kt\u00f3rej surowiec by\u0142 przerabiany w hucie &#8222;Julia&#8221; Wystr\u00f3j obiektu nawi\u0105zuje do okresu w kt\u00f3rym by\u0142 wybudowany a elementy architektury wykonane zosta\u0142y z lokalnych surowc\u00f3w.<\/p>\n\n\n\n<p>W wolnym czasie zajmuj\u0119 si\u0119 szukaniem w okolicznych g\u00f3rach ciekawych minera\u0142\u00f3w ,szczeg\u00f3lnie interesuj\u0105 mnie kwarce i agaty. Posiadam ciekaw\u0105 kolekcje agat\u00f3w z G\u00f3r Kaczawskich. Zim\u0105 w wolnym czasie ucz\u0119 podstaw poruszania si\u0119 na nartach biegowych i prowadz\u0119 wycieczki po turystycznych szlakach narciarskich<\/p>\n\n\n\n<p>Okolica s\u0142ynie z pi\u0119knych widok\u00f3w na ca\u0142e Karkonosze i du\u017cej ilo\u015bci grzyb\u00f3w i jag\u00f3d. T\u0119dy przebiega g\u0142\u00f3wny szlak sudecki i trzy szlaki tematyczne, kilka szlak\u00f3w rowerowych oraz droga sudecka &#8211; dawny trakt do Pragi. Du\u017c\u0105 atrakcj\u0105 jest kolej izerska, kt\u00f3ra prze\u0142omami jedzie do Czech i przez Niemcy zamyka Euro-Region Nysa. Celem kr\u00f3tkich wycieczek jest po\u0142o\u017cone wy\u017cej schronisko na Wysokim Kamieniu sk\u0105d jest pi\u0119kny widok na Karkonosze , G\u00f3ry Kaczawskie , Dolin\u0119 Bobru.<\/p>\n","protected":false},"excerpt":{"rendered":"<p>Od gospodarza \u2026 Ponad stuletni dom w kt\u00f3rym do 1958 roku mieszka\u0142 z rodzin\u0105 g\u0142\u00f3wny technolog huty szk\u0142a &#8222;J\u00f3zefina&#8221; w Szklarskiej Por\u0119bie. By\u0142 niemieckim specjalist\u0105 od barwienia masy szklanej i wykszta\u0142ci\u0142 w tym zawodzie grup\u0119 polskich specjalist\u00f3w kt\u00f3rzy produkowali s\u0142awne kryszta\u0142y z huty &#8222;Julia&#8221; W pobli\u017cu znajduje si\u0119 najwy\u017cej po\u0142o\u017cona w europie kopalnia kwarcu z &hellip; <\/p>\n<p class=\"link-more\"><a href=\"https:\/\/sniezynka.pl\/index.php\/o-nas\/\" class=\"more-link\">Czytaj dalej<span class=\"screen-reader-text\"> \u201eO nas\u201d<\/span><\/a><\/p>\n","protected":false},"author":1,"featured_media":80,"parent":0,"menu_order":0,"comment_status":"closed","ping_status":"closed","template":"","meta":{"footnotes":""},"class_list":["post-33","page","type-page","status-publish","has-post-thumbnail","hentry"],"_links":{"self":[{"href":"https:\/\/sniezynka.pl\/index.php\/wp-json\/wp\/v2\/pages\/33","targetHints":{"allow":["GET"]}}],"collection":[{"href":"https:\/\/sniezynka.pl\/index.php\/wp-json\/wp\/v2\/pages"}],"about":[{"href":"https:\/\/sniezynka.pl\/index.php\/wp-json\/wp\/v2\/types\/page"}],"author":[{"embeddable":true,"href":"https:\/\/sniezynka.pl\/index.php\/wp-json\/wp\/v2\/users\/1"}],"replies":[{"embeddable":true,"href":"https:\/\/sniezynka.pl\/index.php\/wp-json\/wp\/v2\/comments?post=33"}],"version-history":[{"count":6,"href":"https:\/\/sniezynka.pl\/index.php\/wp-json\/wp\/v2\/pages\/33\/revisions"}],"predecessor-version":[{"id":175,"href":"https:\/\/sniezynka.pl\/index.php\/wp-json\/wp\/v2\/pages\/33\/revisions\/175"}],"wp:featuredmedia":[{"embeddable":true,"href":"https:\/\/sniezynka.pl\/index.php\/wp-json\/wp\/v2\/media\/80"}],"wp:attachment":[{"href":"https:\/\/sniezynka.pl\/index.php\/wp-json\/wp\/v2\/media?parent=33"}],"curies":[{"name":"wp","href":"https:\/\/api.w.org\/{rel}","templated":true}]}}